{"id":15,"date":"2020-03-28T14:52:43","date_gmt":"2020-03-28T14:52:43","guid":{"rendered":"http:\/\/intelomedia.de\/?page_id=15"},"modified":"2022-05-23T20:56:32","modified_gmt":"2022-05-23T19:56:32","slug":"impressum-datenschutzerklaerung-und-rechtliche-informationen","status":"publish","type":"page","link":"https:\/\/intelomedia.de\/?page_id=15","title":{"rendered":"Impressum"},"content":{"rendered":"<p><em>Verantwortlich f\u00fcr den Inhalt dieser Internet-Pr\u00e4senz:<\/em><em><br><\/em><strong>intelomedia \/ Oliver Jung<\/strong><\/p><p>Palmenstrasse 6<\/p><p>72172 Sulz am Neckar<br>Deutschland<br>Telefon: +49 &#8211; 7454 \u2013 88052 &#8211; 91<br>Fax: +49 &#8211; 7454 \u2013 88052 \u2013 96<\/p><p>E-Mail: info@intelomedia.de<\/p><p>Gesch\u00e4ftsf\u00fchrer: Oliver Jung<\/p><p>USt.-IDNr. DE282284209<br>Inhaltlich verantwortlicher: Oliver Jung (Anschrift siehe oben)<\/p><p><a rel=\"noreferrer noopener\" href=\"https:\/\/www.heliotent.com\/j\/privacy\" target=\"_blank\"><\/a><\/p><p><strong><em>Allgemein:<\/em><\/strong><\/p><p>Diese Website wird gestaltet und unterhalten von Oliver Jung; Palmenstrasse 6, 72172 Sulz am Neckar, Deutschland (im Folgenden&nbsp;<strong>intelomedia<\/strong>&nbsp;genannt).<\/p><p>intelomedia respektiert Ihre Privatsph\u00e4re. Wir sammeln und speichern nur diese Informationen \u00fcber Sie, welche Sie uns selbst z.B. durch das Kontaktformular, Korrespondenz oder einer Bestellung mitgeteilt oder auf anderem interaktivem Wege \u00fcbermittelt haben.<\/p><p>Sie k\u00f6nnen uns jederzeit benachrichtigen, wenn Sie keine weiteren Informationen mehr wollen oder Ihre Daten gel\u00f6scht werden sollen.<\/p><p><strong>Besucher der Webseiten von intelomedia:<\/strong><strong><br><\/strong>intelomedia sammelt pers\u00f6nliche Informationen wie E-Mail Adressen, Namen oder Adressen nur zum eigenen Gebrauch und nur, wenn die jeweiligen Besucher der Webseiten uns ihre Zustimmung hierf\u00fcr gegeben haben.<br>\u00dcber allgemeinen Webseite-Verkehr erheben wir nur pauschale statistische Informationen. Bitte beachten Sie unsere separaten ausf\u00fchrlichen Datenschutzerkl\u00e4rung.<\/p><p><strong>Anmerkungen oder Fragen:<\/strong><\/p><p>Alle Ihre Fragen, Bedenken oder Anmerkungen sind uns stets willkommen.<\/p><p><em><strong>Sonstige rechtliche Hinweise:<\/strong><\/em><\/p><p><strong>Haftung f\u00fcr Inhalte:<\/strong><strong><br><\/strong>Diese Internetseite intelomedia dient der allgemeinen Information \u00fcber intelomedia Produkte und Dienstleistungen.<br>intelomedia stellt die Inhalte dieser Internetseiten mit gro\u00dfer Sorgfalt zusammen. intelomedia \u00fcbernimmt keine Gew\u00e4hr f\u00fcr die Aktualit\u00e4t, Richtigkeit und Vollst\u00e4ndigkeit der Informationen auf diesen Seiten oder deren Verf\u00fcgbarkeit.<br>Die Angaben dienen nur der unverbindlichen allgemeinen Information und ersetzen nicht die eingehende individuelle Beratung f\u00fcr eine Kaufentscheidung. Die technischen Merkmale und Ausstattungen der beschriebenen Produkte sind lediglich Beispiele. Solche Merkmale und Ausstattungen k\u00f6nnen insbesondere landesspezifisch variieren. Daher sollten Seitenbenutzer die Inhalte stets mit Vorsicht einsch\u00e4tzen.<br>Jederzeitige \u00c4nderungen bleiben vorbehalten. Verbindliche Angaben zu den technischen Merkmalen, Ausstattungen oder Eigenschaften unserer Produkte erhalten Sie ausschlie\u00dflich jeweils aktuell im Handel, von Ihrem Vertragsh\u00e4ndler oder von intelomedia.<\/p><p><strong>Haftung f\u00fcr Downloads:<\/strong><strong><br><\/strong>Das Herunterladen der Dateien erfolgt auf eigene Gefahr. Wir \u00fcbernehmen keinerlei Haftung f\u00fcr Sch\u00e4den (z.B. Sch\u00e4den durch Viren), die direkt oder indirekt durch die Benutzung der Dateien entstehen. Dies gilt insbesondere dann, wenn diese Dateien f\u00fcr strafbare Handlungen eingesetzt werden.<\/p><p><strong>Haftung f\u00fcr zukunftsgerichtete Aussagen:<\/strong><strong><br><\/strong>Diese Internetpr\u00e4senz enth\u00e4lt bestimmte in die Zukunft gerichtete Aussagen, die \u00dcberzeugungen und Erwartungen von intelomedia zum Ausdruck bringen. Solche Aussagen beruhen auf gegenw\u00e4rtigen Erwartungen, Einsch\u00e4tzungen und Prognosen und beinhalten verschiedene bekannte wie auch unbekannte Risiken und Unsicherheiten, die dazu f\u00fchren k\u00f6nnen, dass die tats\u00e4chlichen Ergebnisse, die Finanzlage, die Entwicklung oder die Leistungen wesentlich von den in diesen zukunftsgerichteten Aussagen zum Ausdruck gebrachten oder implizierten Einsch\u00e4tzungen abweichen. Mit der Verwendung von Worten wie &#8222;erwarten&#8220;, &#8222;beabsichtigen&#8220;, &#8222;projektiert&#8220;, &#8222;planen&#8220;, &#8222;vorhersehen&#8220;, &#8222;glauben&#8220;, &#8222;sch\u00e4tzen&#8220; und \u00e4hnlichen Begriffen werden zukunftsgerichtete Aussagen gekennzeichnet. intelomedia ist zwar der Auffassung, dass die in den zukunftsgerichteten Aussagen wiedergegebenen Erwartungen angemessen sind, kann jedoch nicht gew\u00e4hrleisten, dass diese Erwartungen tats\u00e4chlich erf\u00fcllt werden.<\/p><p><strong>Externe Querverweise:<\/strong><strong><br><\/strong>Wenn wir auf Internetseiten Dritter verweisen (Links), \u00fcbernimmt intelomedia keine Verantwortung f\u00fcr die Inhalte der verlinkten Seiten. Mit dem Bet\u00e4tigen des Links verlassen Sie das Informationsangebot der intelomedia-Internetseiten. F\u00fcr die Angebote Dritter k\u00f6nnen daher abweichende Regelungen gelten, insbesondere hinsichtlich des Datenschutzes.<\/p><p><strong>Markenschutz:<\/strong><strong><br><\/strong>Das Unternehmenslogos darf nur von der&nbsp;intelomedia&nbsp;oder nach schriftlicher Genehmigung benutzt werden. Es darf von Kunden oder anderen nur insoweit benutzt werden, wie es auf den mit den Original-Produkten gelieferten Werbematerialien bzw. Produkten angebracht wurde.<\/p><p><strong>EU-Online-Schlichtungsplattform:<\/strong><strong><br><\/strong>Die EU-Kommission stellt eine Plattform f\u00fcr au\u00dfergerichtliche Streitschlichtung bereit. Verbrauchern gibt dies die M\u00f6glichkeit, Streitigkeiten im Zusammenhang mit ihrer Online-Bestellung zun\u00e4chst au\u00dfergerichtlich zu kl\u00e4ren.<br>Die Streitbeilegungs-Plattform finden Sie hier:&nbsp;<a href=\"http:\/\/ec.europa.eu\/consumers\/odr\/\" target=\"_blank\" rel=\"noreferrer noopener\">http:\/\/ec.europa.eu\/consumers\/odr\/<\/a><br>Unsere E-Mail f\u00fcr Verbraucherbeschwerden lautet:&nbsp;info[at]intelomedia.de&nbsp;<\/p><p><strong>Hinweis zu Abmahnungen:<\/strong><strong><br><\/strong>Keine Abmahnung ohne vorherigen Kontakt. Zur Vermeidung unn\u00f6tiger Abmahnungen, Rechtsstreitigkeiten und Kosten bitten wir im Falle der Geltendmachung von Anspr\u00fcchen jeglicher Art aus urheber-, wettbewerbsrechtlichen sowie markenrechtlichen Angelegenheiten uns umgehend zu kontaktieren.<br>Wir sagen bereits hier vor einer endg\u00fcltigen rechtsverbindlichen Kl\u00e4rung Abhilfe zu, falls Anspr\u00fcche der oben genannten Art reklamiert werden, durch die eine eventuelle Wiederholungsgefahr verbindlich ausgeschlossen ist. Eine dennoch ergehende Kostennote einer anwaltlichen oder sonstigen Abmahnung &#8211; ohne vorhergehende Kontaktaufnahme &#8211; k\u00f6nnte sodann wegen Nichtbeachtung einer Schadensminderungspflicht zur\u00fcckgewiesen werden. Bei in diesem Sinne unn\u00f6tigen bzw. unberechtigten Abmahnung und deren Folgema\u00dfnahmen k\u00f6nnte mit einer negativen Feststellungsklage geantwortet werden.<\/p><p><strong>Urheberrechtshinweis:<\/strong><strong><br><\/strong>Copyright 2020, intelomedia. Alle Rechte vorbehalten.&nbsp;Alle auf dieser Internetpr\u00e4senz verwendeten Texte, Fotos und grafischen Gestaltungen Inhalt und Struktur der intelomedia-Internetseiten sind urheberrechtlich gesch\u00fctzt. Die Vervielf\u00e4ltigung \/ Verwendung von Informationen oder Daten, insbesondere die Verwendung von Texten, Textteilen oder Bildmaterial in jeglicher Form, bedarf der vorherigen Zustimmung von intelomedia und\/oder dem sonstigen Urheber oder Nutzungsberechtigten, zu welchem intelomedia dann gegebenenfalls Kontakt herstellen wird.<br><em>Auszug&nbsp;Bildnachweis:<\/em>&nbsp;\u00a9 intelomedia, \u00a9 Partner &amp; Kunden von intelomedia,&#8230;&nbsp;<\/p>","protected":false},"excerpt":{"rendered":"<p>Verantwortlich f\u00fcr den Inhalt dieser Internet-Pr\u00e4senz:intelomedia \/ Oliver Jung Palmenstrasse 6 72172 Sulz am NeckarDeutschlandTelefon:<\/p>\n","protected":false},"author":1,"featured_media":0,"parent":0,"menu_order":0,"comment_status":"closed","ping_status":"closed","template":"","meta":{"footnotes":""},"class_list":["post-15","page","type-page","status-publish","hentry"],"_links":{"self":[{"href":"https:\/\/intelomedia.de\/index.php?rest_route=\/wp\/v2\/pages\/15","targetHints":{"allow":["GET"]}}],"collection":[{"href":"https:\/\/intelomedia.de\/index.php?rest_route=\/wp\/v2\/pages"}],"about":[{"href":"https:\/\/intelomedia.de\/index.php?rest_route=\/wp\/v2\/types\/page"}],"author":[{"embeddable":true,"href":"https:\/\/intelomedia.de\/index.php?rest_route=\/wp\/v2\/users\/1"}],"replies":[{"embeddable":true,"href":"https:\/\/intelomedia.de\/index.php?rest_route=%2Fwp%2Fv2%2Fcomments&post=15"}],"version-history":[{"count":5,"href":"https:\/\/intelomedia.de\/index.php?rest_route=\/wp\/v2\/pages\/15\/revisions"}],"predecessor-version":[{"id":173,"href":"https:\/\/intelomedia.de\/index.php?rest_route=\/wp\/v2\/pages\/15\/revisions\/173"}],"wp:attachment":[{"href":"https:\/\/intelomedia.de\/index.php?rest_route=%2Fwp%2Fv2%2Fmedia&parent=15"}],"curies":[{"name":"wp","href":"https:\/\/api.w.org\/{rel}","templated":true}]}}